{"id":8569,"date":"2021-09-24T04:13:32","date_gmt":"2021-09-24T04:13:32","guid":{"rendered":"https:\/\/sindicato1chuqui.cl\/maqueta\/?page_id=8569"},"modified":"2025-02-16T13:22:29","modified_gmt":"2025-02-16T13:22:29","slug":"historia","status":"publish","type":"page","link":"https:\/\/sindicato1chuqui.cl\/maqueta\/historia\/","title":{"rendered":"Historia"},"content":{"rendered":"\t\t<div data-elementor-type=\"wp-page\" data-elementor-id=\"8569\" class=\"elementor elementor-8569\" data-elementor-post-type=\"page\">\n\t\t\t\t\t\t<section class=\"elementor-section elementor-top-section elementor-element elementor-element-2f9ef091 elementor-section-boxed elementor-section-height-default elementor-section-height-default\" data-id=\"2f9ef091\" data-element_type=\"section\">\n\t\t\t\t\t\t<div class=\"elementor-container elementor-column-gap-default\">\n\t\t\t\t\t<div class=\"elementor-column elementor-col-100 elementor-top-column elementor-element elementor-element-26e23f71\" data-id=\"26e23f71\" data-element_type=\"column\">\n\t\t\t<div class=\"elementor-widget-wrap elementor-element-populated\">\n\t\t\t\t\t\t<div class=\"elementor-element elementor-element-57f6ce22 elementor-widget elementor-widget-text-editor\" data-id=\"57f6ce22\" data-element_type=\"widget\" data-widget_type=\"text-editor.default\">\n\t\t\t\t<div class=\"elementor-widget-container\">\n\t\t\t\t\t\t\t\t\t<p>\t<section class=\"section\" id=\"section_1876564222\">\n\t\t<div class=\"bg section-bg fill bg-fill  bg-loaded\" >\n\n\t\t\t\n\t\t\t\n\t\t\t\n\n\t\t<\/div>\n\n\t\t<div class=\"section-content relative\">\n\t\t\t<\/p>\n<div class=\"row row-collapse row-full-width align-middle\"  id=\"row-154395961\"><\/p>\n<p>\n\t<div id=\"col-931663261\" class=\"col medium-12 small-12 large-6\"  >\n\t\t\t\t<div class=\"col-inner\"  >\n\t\t\t\n\t\t\t<\/p>\n<div class=\"row\"  id=\"row-2128707042\"><\/p>\n<p>\n\t<div id=\"col-1706522866\" class=\"col medium-12 small-12 large-10\"  >\n\t\t\t\t<div class=\"col-inner\"  >\n\t\t\t\n\t\t\t<\/p>\n<p>\t<div id=\"text-408923283\" class=\"text\">\n\t\t<\/p>\n<h1 class=\"entry-title\">La Historia del Sindicato m\u00e1s importante de Chile<\/h1>\n<p>\t\t\n<style>\n#text-408923283 {\n  font-size: 1.5rem;\n}\n<\/style>\n\t<\/div>\n\t<\/p>\n<p style=\"text-align: justify;\">Auditorium Sindicato de Trabajadores N\u00b01 Chuquicamata<\/p>\n<p style=\"text-align: justify;\">En los albores de Chuquicamata, las luchas por mejoras laborales se tensaron&nbsp;ineludiblemente con las negativas patronales. Las primeras huelgas y&nbsp;paralizaciones fueron medidas de presi\u00f3n para reducir las largas jornadas de&nbsp;trabajo y aumentar los paup\u00e9rrimos niveles de ingreso; los resultados de estos&nbsp;movimientos fueron la represi\u00f3n y los despidos masivos.<\/p>\n<p style=\"text-align: justify;\">Despert\u00f3 con fuerza inusitada la necesidad de cobijarse en una organizaci\u00f3n&nbsp;gremial que pudiera defender efectivamente los derechos de los trabajadores. El&nbsp;sindicato de aquel entonces, llamado Sindicato Profesional \u00danico de Empleados&nbsp;Particulares de Chile Exploration Company, es hoy el Sindicato de Trabajadores&nbsp;N\u00ba 1 de Codelco Chile Divisi\u00f3n Chuquicamata.<\/p>\n<p style=\"text-align: justify;\">El 16 de febrero del a\u00f1o 1930, se constituye el Sindicato de Trabajadores N\u00ba 1,&nbsp;inspirado en los principios laborales y valores de justicia social, que han regido&nbsp;desde siempre al movimiento gremial chileno.<\/p>\n<p style=\"text-align: justify;\">Hoy, a 95 a\u00f1os de esa fecha, la misi\u00f3n de nuestra Organizaci\u00f3n Sindical se mantiene inalterable, basando su acci\u00f3n en la defensa de los derechos de los trabajadores, que con su esfuerzo hacen grande a la Patria.<\/p>\n<p style=\"text-align: justify;\">\n<\/p><div class=\"is-divider divider clearfix\" style=\"margin-top:1.5em;margin-bottom:1.5em;max-width:150px;background-color:rgb(194, 220, 230);\"><\/div>\n<p>\t\t<\/div>\n\t\t\t\t\t<\/div>\n\n\t<\/p>\n<p><\/div>\n<p>\t\t<\/div>\n\t\t\t\t\n<style>\n#col-931663261 > .col-inner {\n  padding: 30px 30px 30px 30px;\n}\n@media (min-width:850px) {\n  #col-931663261 > .col-inner {\n    padding: 0px 0px 0px 15%;\n  }\n}\n<\/style>\n\t<\/div>\n\n\t<br>\n\t<div id=\"col-1443288470\" class=\"col medium-12 small-12 large-6 medium-col-first\"  >\n\t\t\t\t<div class=\"col-inner\"  >\n\t\t\t\n\t\t\t<\/p>\n<p>\n  <div class=\"banner has-hover\" id=\"banner-1671399847\">\n          <div class=\"banner-inner fill\">\n        <div class=\"banner-bg fill\" >\n            <div class=\"bg fill bg-fill \"><\/div>\n                                    \n            <div class=\"effect-sparkle bg-effect fill no-click\"><\/div>        <\/div>\n        <div class=\"banner-layers container\">\n            <div class=\"fill banner-link\"><\/div>            <\/p>\n<p>   <div id=\"text-box-357761251\" class=\"text-box banner-layer x50 md-x50 lg-x50 y50 md-y50 lg-y50 res-text\">\n                                <div class=\"text-box-content text dark\">\n              \n              <div class=\"text-inner text-center\">\n                  <\/p>\n<p>              <\/div>\n           <\/div>\n                            \n<style>\n#text-box-357761251 {\n  width: 60%;\n}\n#text-box-357761251 .text-box-content {\n  font-size: 100%;\n}\n@media (min-width:550px) {\n  #text-box-357761251 {\n    width: 60%;\n  }\n}\n<\/style>\n    <\/div>\n <\/p>\n<p>        <\/div>\n      <\/div>\n\n            \n<style>\n#banner-1671399847 {\n  padding-top: 99.99%;\n  background-color: rgba(255, 255, 255, 0);\n}\n#banner-1671399847 .bg.bg-loaded {\n  background-image: url(https:\/\/sindicato1chuqui.cl\/maqueta\/wp-content\/uploads\/2021\/09\/back_terraza.jpg);\n}\n#banner-1671399847 .bg {\n  background-position: 55% 42%;\n}\n@media (min-width:550px) {\n  #banner-1671399847 {\n    padding-top: 400px;\n  }\n}\n@media (min-width:850px) {\n  #banner-1671399847 {\n    padding-top: 99.99%;\n  }\n}\n<\/style>\n  <\/div>\n\n<\/p>\n<p>\t\t<\/div>\n\t\t\t\t\t<\/div>\n\n\t<\/p>\n<p><\/div>\n<p>\t\t<\/div>\n\n\t\t\n<style>\n#section_1876564222 {\n  padding-top: 0px;\n  padding-bottom: 0px;\n}\n<\/style>\n\t<\/section>\n\t<br>\t<section class=\"section\" id=\"section_381007955\">\n\t\t<div class=\"bg section-bg fill bg-fill  bg-loaded\" >\n\n\t\t\t\n\t\t\t\n\t\t\t\n\n\t\t<\/div>\n\n\t\t<div class=\"section-content relative\">\n\t\t\t<\/p>\n<div class=\"row row-small align-middle\"  id=\"row-396337935\"><\/p>\n<p>\n\t<div id=\"col-284809168\" class=\"col medium-5 small-12 large-4\"  >\n\t\t\t\t<div class=\"col-inner\"  >\n\t\t\t\n\t\t\t<\/p>\n<p>\n  <div class=\"banner has-hover\" id=\"banner-1348406392\">\n          <div class=\"banner-inner fill\">\n        <div class=\"banner-bg fill\" >\n            <div class=\"bg fill bg-fill \"><\/div>\n                                    \n            <div class=\"effect-sliding-glass bg-effect fill no-click\"><\/div>        <\/div>\n        <div class=\"banner-layers container\">\n            <div class=\"fill banner-link\"><\/div>            <\/p>\n<p>   <div id=\"text-box-1788288259\" class=\"text-box banner-layer x50 md-x50 lg-x50 y50 md-y50 lg-y50 res-text\">\n                                <div class=\"text-box-content text dark\">\n              \n              <div class=\"text-inner text-center\">\n                  <\/p>\n<p>              <\/div>\n           <\/div>\n                            \n<style>\n#text-box-1788288259 {\n  width: 60%;\n}\n#text-box-1788288259 .text-box-content {\n  font-size: 100%;\n}\n@media (min-width:550px) {\n  #text-box-1788288259 {\n    width: 60%;\n  }\n}\n<\/style>\n    <\/div>\n <\/p>\n<p>        <\/div>\n      <\/div>\n\n            \n<style>\n#banner-1348406392 {\n  padding-top: 400px;\n  background-color: rgb(255, 255, 255);\n}\n#banner-1348406392 .bg.bg-loaded {\n  background-image: url(https:\/\/sindicato1chuqui.cl\/maqueta\/wp-content\/uploads\/2021\/09\/back_frontis.jpg);\n}\n#banner-1348406392 .bg {\n  background-position: 63% NaN%;\n}\n@media (min-width:550px) {\n  #banner-1348406392 {\n    padding-top: 600px;\n  }\n}\n<\/style>\n  <\/div>\n\n<\/p>\n<p>\t\t<\/div>\n\t\t\t\t\t<\/div>\n\n\t<br>\n\t<div id=\"col-679265819\" class=\"col medium-7 small-12 large-8\"  >\n\t\t\t\t<div class=\"col-inner\"  >\n\t\t\t\n\t\t\t<\/p>\n<p>\t<div id=\"gap-2033540206\" class=\"gap-element clearfix\" style=\"display:block; height:auto;\">\n\t\t\n<style>\n#gap-2033540206 {\n  padding-top: 30px;\n}\n<\/style>\n\t<\/div>\n\t<\/p>\n<p>\t<div id=\"text-2186969060\" class=\"text\">\n\t\t<\/p>\n<h3>&nbsp;<\/h3>\n<p>\t\t\n<style>\n#text-2186969060 {\n  font-size: 2.5rem;\n  line-height: 0.75;\n}\n<\/style>\n\t<\/div>\n\t<\/p>\n<p style=\"text-align: justify;\">El Sindicato de Trabajadores N\u00ba 1, surge como respuesta a las voces de los&nbsp;trabajadores que se alzaban buscando defensa laboral y aumentos en sus niveles&nbsp;de calidad de vida. La formaci\u00f3n de una Organizaci\u00f3n comprometida era entonces&nbsp;una necesidad real, con el fin de regular los objetivos reivindicatorios de los&nbsp;trabajadores.<\/p>\n<p style=\"text-align: justify;\">El Sindicato de Trabajadores N\u00ba 1, ocupa desde sus or\u00edgenes una posici\u00f3n de&nbsp;privilegio en el movimiento gremial del pa\u00eds. Durante los a\u00f1os setenta, se convierte&nbsp;en la Organizaci\u00f3n de base m\u00e1s grande de Chile, privilegio que mantiene hasta&nbsp;hoy.<\/p>\n<p style=\"text-align: justify;\">En la actualidad, gracias al desempe\u00f1o de una labor moderna, sistem\u00e1tica y&nbsp;de primer orden en el tema del servicio y atenci\u00f3n personalizada, las nuevas&nbsp;generaciones han optado por incorporarse como socios, con amplios beneficios de&nbsp;orden laboral y social.<\/p>\n<p style=\"text-align: justify;\">Gracias al legado de esfuerzo y compromiso de los primeros directorios y de los que han ocupado el sitial de reconocimiento de los trabajadores a trav\u00e9s de estos 92 a\u00f1os de historia, hoy el Sindicato de Trabajadores N\u00ba 1, puede otorgar a sus asociados, a trav\u00e9s de los distintos estamentos que lo componen, servicios de \u00edndole administrativo, atenci\u00f3n dental, camping en las playas de Mejillones, servicios de comunicaci\u00f3n e informaci\u00f3n. Cada uno de estos beneficios, contempla infraestructuras modernas, con tecnolog\u00eda de punta y en algunos \u00e1mbitos, nuestra Organizaci\u00f3n es pionera en el establecimiento de atenci\u00f3n a los asociados en \u00e1reas legales, previsionales y de bienestar social.<\/p>\n<p style=\"text-align: justify;\">El Sindicato N\u00ba 1 se encuentra dividido estructuralmente en 4 estamentos para&nbsp;otorgar un servicio eficiente a los socios.<\/p>\n<ul>\n<li style=\"text-align: justify;\">Camping de Mejillones<\/li>\n<li style=\"text-align: justify;\">Centro Odontol\u00f3gico<\/li>\n<li style=\"text-align: justify;\">Radio Carill\u00f3n<\/li>\n<li style=\"text-align: justify;\">\u00c1rea Administrativa<\/li>\n<\/ul>\n<p>\t\t<\/div>\n\t\t\t\t\n<style>\n#col-679265819 > .col-inner {\n  padding: 0px 1% 0px 1%;\n}\n@media (min-width:550px) {\n  #col-679265819 > .col-inner {\n    padding: 0px 2% 0px 2%;\n  }\n}\n@media (min-width:850px) {\n  #col-679265819 > .col-inner {\n    padding: 0px 0px 0px 10%;\n  }\n}\n<\/style>\n\t<\/div>\n\n\t<\/p>\n<p><\/div>\n<p>\t\t<\/div>\n\n\t\t\n<style>\n#section_381007955 {\n  padding-top: 29px;\n  padding-bottom: 29px;\n}\n<\/style>\n\t<\/section>\n\t92<\/p>\t\t\t\t\t\t\t\t<\/div>\n\t\t\t\t<\/div>\n\t\t\t\t\t<\/div>\n\t\t<\/div>\n\t\t\t\t\t<\/div>\n\t\t<\/section>\n\t\t\t\t<\/div>\n\t\t","protected":false},"excerpt":{"rendered":"<p>92<\/p>\n","protected":false},"author":3,"featured_media":0,"parent":0,"menu_order":0,"comment_status":"closed","ping_status":"closed","template":"","meta":{"footnotes":""},"class_list":["post-8569","page","type-page","status-publish","hentry"],"_links":{"self":[{"href":"https:\/\/sindicato1chuqui.cl\/maqueta\/wp-json\/wp\/v2\/pages\/8569","targetHints":{"allow":["GET"]}}],"collection":[{"href":"https:\/\/sindicato1chuqui.cl\/maqueta\/wp-json\/wp\/v2\/pages"}],"about":[{"href":"https:\/\/sindicato1chuqui.cl\/maqueta\/wp-json\/wp\/v2\/types\/page"}],"author":[{"embeddable":true,"href":"https:\/\/sindicato1chuqui.cl\/maqueta\/wp-json\/wp\/v2\/users\/3"}],"replies":[{"embeddable":true,"href":"https:\/\/sindicato1chuqui.cl\/maqueta\/wp-json\/wp\/v2\/comments?post=8569"}],"version-history":[{"count":44,"href":"https:\/\/sindicato1chuqui.cl\/maqueta\/wp-json\/wp\/v2\/pages\/8569\/revisions"}],"predecessor-version":[{"id":10815,"href":"https:\/\/sindicato1chuqui.cl\/maqueta\/wp-json\/wp\/v2\/pages\/8569\/revisions\/10815"}],"wp:attachment":[{"href":"https:\/\/sindicato1chuqui.cl\/maqueta\/wp-json\/wp\/v2\/media?parent=8569"}],"curies":[{"name":"wp","href":"https:\/\/api.w.org\/{rel}","templated":true}]}}