{"id":11469,"date":"2026-04-28T15:32:23","date_gmt":"2026-04-28T15:32:23","guid":{"rendered":"https:\/\/sindicato1chuqui.cl\/maqueta\/?page_id=11469"},"modified":"2026-04-28T21:19:27","modified_gmt":"2026-04-28T21:19:27","slug":"pocuro","status":"publish","type":"page","link":"https:\/\/sindicato1chuqui.cl\/maqueta\/pocuro\/","title":{"rendered":"POCURO"},"content":{"rendered":"\n  <div class=\"banner has-hover bg-zoom-long has-video has-parallax\" id=\"banner-1947652694\">\n          <div class=\"banner-inner fill\">\n        <div class=\"banner-bg fill\" data-parallax=\"-4\" data-parallax-container=\".banner\" data-parallax-background>\n            <div class=\"bg fill bg-fill \"><\/div>\n            \t<div class=\"video-overlay no-click fill hide-for-medium\"><\/div>\n\t<video class=\"video-bg fill hide-for-medium\" preload playsinline autoplay\n\t\tmuted\t\tloop>\n\t\t<source src=\"https:\/\/sindicato1chuqui.cl\/maqueta\/wp-content\/uploads\/2026\/04\/El-Faro-de-La-.mp4\" type=\"video\/mp4\">\t<\/video>\n            <div class=\"overlay\"><\/div>            \n                    <\/div>\n        <div class=\"banner-layers container\">\n            <div class=\"fill banner-link\"><\/div>            \n   <div id=\"text-box-1647219600\" class=\"text-box banner-layer x50 md-x50 lg-x50 y50 md-y50 lg-y50 res-text\">\n              <div data-parallax=\"-3\" data-parallax-fade=\"true\">       <div data-animate=\"fadeInUp\">           <div class=\"text-box-content text dark text-shadow-1\">\n              \n              <div class=\"text-inner text-center\">\n                  \n<h1 class=\"uppercase\"><strong>INMOBILIARIA POCURO<\/strong><\/h1>\n<p class=\"lead\">Descubre los mejores proyectos inmobiliarios de<em> Pocuro<\/em> una empresa l\u00edder en el sector. Encuentra tu nuevo hogar con la calidad y confianza que ofrece Pocuro<\/p>\n              <\/div>\n           <\/div>\n       <\/div>       <\/div>              \n<style>\n#text-box-1647219600 {\n  width: 100%;\n}\n#text-box-1647219600 .text-box-content {\n  font-size: 131%;\n}\n@media (min-width:550px) {\n  #text-box-1647219600 {\n    width: 75%;\n  }\n  #text-box-1647219600 .text-box-content {\n    font-size: 100%;\n  }\n}\n<\/style>\n    <\/div>\n \n        <\/div>\n      <\/div>\n\n            \n<style>\n#banner-1947652694 {\n  padding-top: 47%;\n}\n#banner-1947652694 .bg.bg-loaded {\n  background-image: url(https:\/\/sindicato1chuqui.cl\/maqueta\/wp-content\/uploads\/2026\/04\/serena.png);\n}\n#banner-1947652694 .overlay {\n  background-color: rgba(0, 0, 0, 0.27);\n}\n#banner-1947652694 .bg {\n  background-position: 49% 43%;\n}\n<\/style>\n  <\/div>\n\n\n  <div class=\"banner-grid-wrapper\">\n  <div id=\"banner-grid-1297555595\" class=\"banner-grid row row-grid row-collapse row-full-width\" data-packery-options=\"\">\n                      \n<div class=\"col grid-col large-6 grid-col-2-3\" ><div class=\"col-inner\">\n\n  <div class=\"banner has-hover bg-zoom\" id=\"banner-1699367038\">\n          <div class=\"banner-inner fill\">\n        <div class=\"banner-bg fill\" >\n            <div class=\"bg fill bg-fill \"><\/div>\n            \t<div class=\"video-overlay no-click fill\"><\/div>\n\t<div id=\"ytplayer-320\" class=\"ux-youtube fill object-fit hide-for-medium\" data-videoid=\"https:\/\/youtu.be\/H1q8aKBe_TI\" data-loop=\"1\" data-audio=\"0\"><\/div>\n            <div class=\"overlay\"><\/div>            \n                    <\/div>\n        <div class=\"banner-layers container\">\n            <div class=\"fill banner-link\"><\/div>            \n   <div id=\"text-box-1746997325\" class=\"text-box banner-layer x10 md-x10 lg-x10 y80 md-y80 lg-y80 res-text\">\n                     <div data-animate=\"fadeInRight\">           <div class=\"text-box-content text dark\">\n              \n              <div class=\"text-inner text-left\">\n                  \n<div class=\"video-button-wrapper\" style=\"font-size:130%\"><a href=\"https:\/\/www.youtube.com\/watch?v=ON3WaJOLkcg\" class=\"button open-video icon circle is-outline is-xlarge\"><i class=\"icon-play\" style=\"font-size:1.5em;\"><\/i><\/a><\/div>\n<div class=\"container section-title-container\" ><h3 class=\"section-title section-title-normal\"><b><\/b><span class=\"section-title-main\" >VER VIDEO JArD\u00cfN DEl valle<\/span><b><\/b><\/h3><\/div>\n              <\/div>\n           <\/div>\n       <\/div>                     \n<style>\n#text-box-1746997325 {\n  width: 58%;\n}\n#text-box-1746997325 .text-box-content {\n  font-size: 100%;\n}\n<\/style>\n    <\/div>\n \n        <\/div>\n      <\/div>\n\n            \n<style>\n#banner-1699367038 {\n  padding-top: 500px;\n}\n#banner-1699367038 .bg.bg-loaded {\n  background-image: url(https:\/\/sindicato1chuqui.cl\/maqueta\/wp-content\/uploads\/2026\/04\/jardindelvalle-1400x789.png);\n}\n#banner-1699367038 .overlay {\n  background-color: rgba(0, 0, 0, 0.2);\n}\n#banner-1699367038 .bg {\n  background-position: 53% 69%;\n}\n<\/style>\n  <\/div>\n\n\n<\/div><\/div>\n<div class=\"col grid-col large-6 grid-col-1-2\" ><div class=\"col-inner\">\n\n  <div class=\"banner has-hover bg-zoom\" id=\"banner-763228212\">\n          <div class=\"banner-inner fill\">\n        <div class=\"banner-bg fill\" >\n            <div class=\"bg fill bg-fill \"><\/div>\n                        <div class=\"overlay\"><\/div>            \n                    <\/div>\n        <div class=\"banner-layers container\">\n            <div class=\"fill banner-link\"><\/div>            \n   <div id=\"text-box-621665157\" class=\"text-box banner-layer x90 md-x90 lg-x90 y50 md-y50 lg-y50 res-text\">\n                     <div data-animate=\"fadeInLeft\">           <div class=\"text-box-content text dark\">\n              \n              <div class=\"text-inner text-right\">\n                  \n\t<div id=\"text-4229579043\" class=\"text\">\n\t\t\n<h3 class=\"uppercase\">PROYECTOS EN LA SERENA Y COQUIMBO PENSADOS PARA QUE T\u00da Y TU FAMILIA VIVAN MEJOR<\/h3>\n<p class=\"lead\">Aprovecha beneficios exclusivos para trabajadores del Sindicato N\u00b01 de Codelco. Descubre tu pr\u00f3ximo hogar<br \/>con descuentos especiales, promociones \u00fanicas y facilidades de pago que hacen m\u00e1s f\u00e1cil dar el paso.<\/p>\n\t\t\n<style>\n#text-4229579043 {\n  font-size: 0.9rem;\n  text-align: center;\n}\n<\/style>\n\t<\/div>\n\t\n              <\/div>\n           <\/div>\n       <\/div>                     \n<style>\n#text-box-621665157 {\n  width: 80%;\n}\n#text-box-621665157 .text-box-content {\n  font-size: 100%;\n}\n<\/style>\n    <\/div>\n \n        <\/div>\n      <\/div>\n\n            \n<style>\n#banner-763228212 {\n  padding-top: 500px;\n}\n#banner-763228212 .bg.bg-loaded {\n  background-image: 8898;\n}\n#banner-763228212 .overlay {\n  background-color: rgba(0,0,0,.5);\n}\n#banner-763228212 .bg {\n  background-position: 53% 69%;\n}\n<\/style>\n  <\/div>\n\n\n<\/div><\/div>\n<div class=\"col grid-col large-6 grid-col-2-3\" ><div class=\"col-inner\">\n\n  <div class=\"banner has-hover bg-zoom\" id=\"banner-1836238466\">\n          <div class=\"banner-inner fill\">\n        <div class=\"banner-bg fill\" >\n            <div class=\"bg fill bg-fill \"><\/div>\n                        <div class=\"overlay\"><\/div>            \n                    <\/div>\n        <div class=\"banner-layers container\">\n            <div class=\"fill banner-link\"><\/div>            \n   <div id=\"text-box-377699233\" class=\"text-box banner-layer x50 md-x50 lg-x50 y95 md-y95 lg-y95 res-text\">\n       <div class=\"hover-fade-out\">                         <div class=\"text-box-content text dark\">\n              \n              <div class=\"text-inner text-center\">\n                  \n<div class=\"container section-title-container\" ><h3 class=\"section-title section-title-normal\"><b><\/b><span class=\"section-title-main\" >ver video vista valle<\/span><b><\/b><\/h3><\/div>\n              <\/div>\n           <\/div>\n                     <\/div>       \n<style>\n#text-box-377699233 {\n  width: 60%;\n}\n#text-box-377699233 .text-box-content {\n  font-size: 100%;\n}\n<\/style>\n    <\/div>\n \n   <div id=\"text-box-39051123\" class=\"text-box banner-layer x50 md-x50 lg-x50 y50 md-y50 lg-y50 res-text\">\n       <div class=\"hover-zoom-in\">                         <div class=\"text-box-content text dark\">\n              \n              <div class=\"text-inner text-center\">\n                  \n<div class=\"video-button-wrapper\" style=\"font-size:130%\"><a href=\"https:\/\/www.youtube.com\/watch?v=guE-P1ci848\" class=\"button open-video icon circle is-outline is-xlarge\"><i class=\"icon-play\" style=\"font-size:1.5em;\"><\/i><\/a><\/div>\n              <\/div>\n           <\/div>\n                     <\/div>       \n<style>\n#text-box-39051123 {\n  width: 56%;\n}\n#text-box-39051123 .text-box-content {\n  font-size: 100%;\n}\n<\/style>\n    <\/div>\n \n        <\/div>\n      <\/div>\n\n            \n<style>\n#banner-1836238466 {\n  padding-top: 500px;\n}\n#banner-1836238466 .bg.bg-loaded {\n  background-image: url(https:\/\/sindicato1chuqui.cl\/maqueta\/wp-content\/uploads\/2026\/04\/vistavalle-688x800.png);\n}\n#banner-1836238466 .overlay {\n  background-color: rgba(0, 0, 0, 0.47);\n}\n#banner-1836238466 .bg {\n  background-position: 37% 73%;\n}\n<\/style>\n  <\/div>\n\n\n<\/div><\/div>\n<div class=\"col grid-col large-6 grid-col-1-2\" ><div class=\"col-inner\">\n\n  <div class=\"banner has-hover bg-zoom\" id=\"banner-103956931\">\n          <div class=\"banner-inner fill\">\n        <div class=\"banner-bg fill\" >\n            <div class=\"bg fill bg-fill \"><\/div>\n                                    \n                    <\/div>\n        <div class=\"banner-layers container\">\n            <div class=\"fill banner-link\"><\/div>            \n   <div id=\"text-box-1007250541\" class=\"text-box banner-layer x50 md-x50 lg-x50 y50 md-y50 lg-y50 res-text\">\n                                <div class=\"text-box-content text dark\">\n              \n              <div class=\"text-inner text-left\">\n                  \n<div class=\"video-button-wrapper\" style=\"font-size:130%\"><a href=\"https:\/\/www.youtube.com\/watch?v=le0paD7FgNU\" class=\"button open-video icon circle is-outline is-xlarge\"><i class=\"icon-play\" style=\"font-size:1.5em;\"><\/i><\/a><\/div>\n<div class=\"container section-title-container\" ><h3 class=\"section-title section-title-normal\"><b><\/b><span class=\"section-title-main\" >ver video costa serena<\/span><b><\/b><\/h3><\/div>\n              <\/div>\n           <\/div>\n                            \n<style>\n#text-box-1007250541 {\n  width: 52%;\n}\n#text-box-1007250541 .text-box-content {\n  font-size: 100%;\n}\n<\/style>\n    <\/div>\n \n        <\/div>\n      <\/div>\n\n            \n<style>\n#banner-103956931 {\n  padding-top: 500px;\n}\n#banner-103956931 .bg.bg-loaded {\n  background-image: url(https:\/\/sindicato1chuqui.cl\/maqueta\/wp-content\/uploads\/2026\/04\/costaserena-1202x800.png);\n}\n<\/style>\n  <\/div>\n\n\n<\/div><\/div>\n            <\/div>\n    <style>\n    #banner-grid-1297555595 .grid-col-1{height: 885px}\n    #banner-grid-1297555595 .grid-col-1-2{height: 442.5px}\n    #banner-grid-1297555595 .grid-col-1-3{height:295px}\n    #banner-grid-1297555595 .grid-col-2-3{height: 590px}\n    #banner-grid-1297555595 .grid-col-1-4{height: 221.25px}\n    #banner-grid-1297555595 .grid-col-3-4{height: 663.75px}\n\n\n    \n    \n\n  <\/style>\n    <\/div>\n  \n<div class=\"row\"  id=\"row-465757189\">\n<\/div>\n<div class=\"container section-title-container\" ><h3 class=\"section-title section-title-center\"><b><\/b><span class=\"section-title-main\" >Proyectos Serena y coquimbo<\/span><b><\/b><\/h3><\/div>\n<div class=\"row align-middle row-dashed\"  id=\"row-820443094\">\n\n\t<div id=\"col-1460606644\" class=\"col medium-4 small-12 large-4\"  >\n\t\t\t\t<div class=\"col-inner text-center\"  >\n\t\t\t\n\t\t\t\n\t<div class=\"img has-hover x md-x lg-x y md-y lg-y\" id=\"image_804374926\">\n\t\t\t\t\t\t\t\t<div class=\"img-inner image-zoom dark\" >\n\t\t\t<img fetchpriority=\"high\" decoding=\"async\" width=\"563\" height=\"800\" src=\"https:\/\/sindicato1chuqui.cl\/maqueta\/wp-content\/uploads\/2026\/04\/costaserena-1-563x800.png\" class=\"attachment-large size-large\" alt=\"\" srcset=\"https:\/\/sindicato1chuqui.cl\/maqueta\/wp-content\/uploads\/2026\/04\/costaserena-1-563x800.png 563w, https:\/\/sindicato1chuqui.cl\/maqueta\/wp-content\/uploads\/2026\/04\/costaserena-1-282x400.png 282w, https:\/\/sindicato1chuqui.cl\/maqueta\/wp-content\/uploads\/2026\/04\/costaserena-1-768x1091.png 768w, https:\/\/sindicato1chuqui.cl\/maqueta\/wp-content\/uploads\/2026\/04\/costaserena-1.png 811w\" sizes=\"(max-width: 563px) 100vw, 563px\" \/>\t\t\t\t\t\t\n\t\t\t\t\t<\/div>\n\t\t\t\t\t\t\t\t\n<style>\n#image_804374926 {\n  width: 100%;\n}\n<\/style>\n\t<\/div>\n\t\n\t\t<\/div>\n\t\t\t\t\t<\/div>\n\n\t\n\n\t<div id=\"col-118671617\" class=\"col medium-4 small-12 large-4\"  >\n\t\t\t\t<div class=\"col-inner text-center\"  >\n\t\t\t\n\t\t\t\n\t<div class=\"img has-hover x md-x lg-x y md-y lg-y\" id=\"image_117797253\">\n\t\t\t\t\t\t\t\t<div class=\"img-inner image-zoom dark\" >\n\t\t\t<img decoding=\"async\" width=\"558\" height=\"800\" src=\"https:\/\/sindicato1chuqui.cl\/maqueta\/wp-content\/uploads\/2026\/04\/vistavalle-1-558x800.png\" class=\"attachment-large size-large\" alt=\"\" srcset=\"https:\/\/sindicato1chuqui.cl\/maqueta\/wp-content\/uploads\/2026\/04\/vistavalle-1-558x800.png 558w, https:\/\/sindicato1chuqui.cl\/maqueta\/wp-content\/uploads\/2026\/04\/vistavalle-1-279x400.png 279w, https:\/\/sindicato1chuqui.cl\/maqueta\/wp-content\/uploads\/2026\/04\/vistavalle-1-768x1102.png 768w, https:\/\/sindicato1chuqui.cl\/maqueta\/wp-content\/uploads\/2026\/04\/vistavalle-1.png 798w\" sizes=\"(max-width: 558px) 100vw, 558px\" \/>\t\t\t\t\t\t\n\t\t\t\t\t<\/div>\n\t\t\t\t\t\t\t\t\n<style>\n#image_117797253 {\n  width: 100%;\n}\n<\/style>\n\t<\/div>\n\t\n\t\t<\/div>\n\t\t\t\t\t<\/div>\n\n\t\n\n\t<div id=\"col-292517780\" class=\"col medium-4 small-12 large-4\"  >\n\t\t\t\t<div class=\"col-inner text-center\"  >\n\t\t\t\n\t\t\t\n\t<div class=\"img has-hover x md-x lg-x y md-y lg-y\" id=\"image_2119155146\">\n\t\t\t\t\t\t\t\t<div class=\"img-inner image-zoom dark\" >\n\t\t\t<img decoding=\"async\" width=\"557\" height=\"800\" src=\"https:\/\/sindicato1chuqui.cl\/maqueta\/wp-content\/uploads\/2026\/04\/jardinvalle-557x800.png\" class=\"attachment-large size-large\" alt=\"\" srcset=\"https:\/\/sindicato1chuqui.cl\/maqueta\/wp-content\/uploads\/2026\/04\/jardinvalle-557x800.png 557w, https:\/\/sindicato1chuqui.cl\/maqueta\/wp-content\/uploads\/2026\/04\/jardinvalle-279x400.png 279w, https:\/\/sindicato1chuqui.cl\/maqueta\/wp-content\/uploads\/2026\/04\/jardinvalle-768x1103.png 768w, https:\/\/sindicato1chuqui.cl\/maqueta\/wp-content\/uploads\/2026\/04\/jardinvalle.png 805w\" sizes=\"(max-width: 557px) 100vw, 557px\" \/>\t\t\t\t\t\t\n\t\t\t\t\t<\/div>\n\t\t\t\t\t\t\t\t\n<style>\n#image_2119155146 {\n  width: 100%;\n}\n<\/style>\n\t<\/div>\n\t\n\t\t<\/div>\n\t\t\t\t\t<\/div>\n\n\t\n\n\t<div id=\"col-2042742541\" class=\"col small-12 large-12\"  >\n\t\t\t\t<div class=\"col-inner text-center\"  >\n\t\t\t\n\t\t\t\n\t<div class=\"img has-hover x md-x lg-x y md-y lg-y\" id=\"image_443882234\">\n\t\t\t\t\t\t\t\t<div class=\"img-inner dark\" >\n\t\t\t<img loading=\"lazy\" decoding=\"async\" width=\"1020\" height=\"522\" src=\"https:\/\/sindicato1chuqui.cl\/maqueta\/wp-content\/uploads\/2026\/04\/unuidades-1400x717.png\" class=\"attachment-large size-large\" alt=\"\" srcset=\"https:\/\/sindicato1chuqui.cl\/maqueta\/wp-content\/uploads\/2026\/04\/unuidades-1400x717.png 1400w, https:\/\/sindicato1chuqui.cl\/maqueta\/wp-content\/uploads\/2026\/04\/unuidades-782x400.png 782w, https:\/\/sindicato1chuqui.cl\/maqueta\/wp-content\/uploads\/2026\/04\/unuidades-768x393.png 768w, https:\/\/sindicato1chuqui.cl\/maqueta\/wp-content\/uploads\/2026\/04\/unuidades-1536x786.png 1536w, https:\/\/sindicato1chuqui.cl\/maqueta\/wp-content\/uploads\/2026\/04\/unuidades-2048x1048.png 2048w\" sizes=\"(max-width: 1020px) 100vw, 1020px\" \/>\t\t\t\t\t\t\n\t\t\t\t\t<\/div>\n\t\t\t\t\t\t\t\t\n<style>\n#image_443882234 {\n  width: 100%;\n}\n<\/style>\n\t<\/div>\n\t\n\t\t<\/div>\n\t\t\t\t\t<\/div>\n\n\t\n<\/div>\n\t<div id=\"gap-882870228\" class=\"gap-element clearfix\" style=\"display:block; height:auto;\">\n\t\t\n<style>\n#gap-882870228 {\n  padding-top: 30px;\n}\n<\/style>\n\t<\/div>\n\t\n","protected":false},"excerpt":{"rendered":"","protected":false},"author":3,"featured_media":0,"parent":0,"menu_order":0,"comment_status":"closed","ping_status":"closed","template":"page-transparent-header-light.php","meta":{"footnotes":""},"class_list":["post-11469","page","type-page","status-publish","hentry"],"_links":{"self":[{"href":"https:\/\/sindicato1chuqui.cl\/maqueta\/wp-json\/wp\/v2\/pages\/11469","targetHints":{"allow":["GET"]}}],"collection":[{"href":"https:\/\/sindicato1chuqui.cl\/maqueta\/wp-json\/wp\/v2\/pages"}],"about":[{"href":"https:\/\/sindicato1chuqui.cl\/maqueta\/wp-json\/wp\/v2\/types\/page"}],"author":[{"embeddable":true,"href":"https:\/\/sindicato1chuqui.cl\/maqueta\/wp-json\/wp\/v2\/users\/3"}],"replies":[{"embeddable":true,"href":"https:\/\/sindicato1chuqui.cl\/maqueta\/wp-json\/wp\/v2\/comments?post=11469"}],"version-history":[{"count":33,"href":"https:\/\/sindicato1chuqui.cl\/maqueta\/wp-json\/wp\/v2\/pages\/11469\/revisions"}],"predecessor-version":[{"id":11515,"href":"https:\/\/sindicato1chuqui.cl\/maqueta\/wp-json\/wp\/v2\/pages\/11469\/revisions\/11515"}],"wp:attachment":[{"href":"https:\/\/sindicato1chuqui.cl\/maqueta\/wp-json\/wp\/v2\/media?parent=11469"}],"curies":[{"name":"wp","href":"https:\/\/api.w.org\/{rel}","templated":true}]}}